{"id":2147,"date":"2023-01-15T16:40:10","date_gmt":"2023-01-15T16:40:10","guid":{"rendered":"https:\/\/qvhh.ch\/?page_id=2147"},"modified":"2023-04-17T05:03:43","modified_gmt":"2023-04-17T05:03:43","slug":"mitglied-werden","status":"publish","type":"page","link":"https:\/\/qvhh.ch\/index.php\/mitglied-werden\/","title":{"rendered":"Mitglied werden \/ Kontakt"},"content":{"rendered":"\n<p class=\"has-medium-font-size\">Sie k\u00f6nnen entweder die unten stehende <em>Beitrittserkl\u00e4rung \/ Adress\u00e4nderung <\/em>ausdrucken, ausf\u00fcllen und an den Pr\u00e4sidenten des Vereins schicken, wenn Sie dem Quartierverein beitreten m\u00f6chten. Oder Sie k\u00f6nnen das Kontaktformular ausf\u00fcllen und so Ihren Beitritt bekannt geben. Bitte in der Nachricht vermerken, dass Sie beitreten m\u00f6chten.<\/p>\n\n\n\n<p class=\"has-medium-font-size\">Mit dem Kontaktformular k\u00f6nnen Sie auch dem Pr\u00e4sidenten des Vereins eine Meldung zu irgend einem Thema zukommen lassen.<\/p>\n\n\n\n<p><code><div id=\"simple-contact-form-wrap\">\r\n\t\t<div id=\"simple-contact-form\" class=\"scf\">\r\n\t\t\t<form action=\"#simple-contact-form-wrap\" method=\"post\">\r\n\t\t\t\t<div class=\"scf-row scf-name\">\r\n\t\t\t\t\t<label for=\"scf_name\">Ihr Name<\/label>\r\n\t\t\t\t\t<input name=\"scf_name\" id=\"scf_name\" type=\"text\" size=\"33\" maxlength=\"99\" value=\"\" placeholder=\"Ihr Name\" \/>\r\n\t\t\t\t<\/div>\r\n\t\t\t\t<div class=\"scf-row scf-email\">\r\n\t\t\t\t\t<label for=\"scf_email\">Ihre Email-Adresse<\/label>\r\n\t\t\t\t\t<input name=\"scf_email\" id=\"scf_email\" type=\"text\" size=\"33\" maxlength=\"99\" value=\"\" placeholder=\"Ihre Email-Adresse\" \/>\r\n\t\t\t\t<\/div>\r\n\t\t<div class=\"scf-row scf-confirm-email\">\r\n\t\t\t<label for=\"scf_confirm_email\">Email wiederholen<\/label>\r\n\t\t\t<input name=\"scf_confirm_email\" id=\"scf_confirm_email\" type=\"text\" size=\"33\" maxlength=\"99\" value=\"\" placeholder=\"Email wiederholen\" \/>\r\n\t\t<\/div>\r\n\t\t\t<div class=\"scf-row scf-website3dhhsy3\">\r\n\t\t\t\t<label for=\"website3dhhsy3\">Leave this field empty<\/label>\r\n\t\t\t\t<input type=\"text\" name=\"website3dhhsy3\" tabindex=\"-1\" autocomplete=\"off\" \/>\r\n\t\t\t<\/div>\r\n\t\t\t\t<div class=\"scf-row scf-message\">\r\n\t\t\t\t\t<label for=\"scf_message\">Ihre Nachricht<\/label>\r\n\t\t\t\t\t<textarea name=\"scf_message\" id=\"scf_message\" cols=\"33\" rows=\"7\" placeholder=\"Ihre Nachricht\"><\/textarea>\r\n\t\t\t\t<\/div>\t\t\t\t<div class=\"scf-recaptcha\">\r\n\t\t\t\t\t<script src=\"https:\/\/www.google.com\/recaptcha\/api.js?render=6LcmJJMlAAAAAIQgh-2aEbmSL4BBDFcKWDIFyGVj\"><\/script>\r\n\t\t\t\t\t<script>\r\n\t\t\t\t\t\tjQuery(document).ready(function(){\r\n\t\t\t\t\t\t\tjQuery('.scf form').on( 'submit', function(event) {\r\n\r\n\t\t\t\t\t\t\t\tevent.preventDefault();\r\n\t\t\t\t\t\t\t\tvar scfForm = jQuery(this);\r\n\t\t\t\t\t\t\t\tvar scfEmail = jQuery(this).find('#scf_email').val();\r\n\r\n\t\t\t\t\t\t\t\tgrecaptcha.ready(function() {\r\n\t\t\t\t\t\t\t\t\tgrecaptcha.execute('6LcmJJMlAAAAAIQgh-2aEbmSL4BBDFcKWDIFyGVj', {action: 'contact'}).then(function(token) {\r\n\t\t\t\t\t\t\t\t\t\tscfForm.prepend('<input type=\"hidden\" name=\"token\" value=\"' + token + '\">');\r\n\t\t\t\t\t\t\t\t\t\tscfForm.prepend('<input type=\"hidden\" name=\"action\" value=\"contact\">');\r\n\t\t\t\t\t\t\t\t\t\tscfForm.unbind('submit').submit();\r\n\t\t\t\t\t\t\t\t\t});\r\n\t\t\t\t\t\t\t\t});\r\n\r\n\t\t\t\t\t\t\t});\r\n\t\t\t\t\t\t});\r\n\t\t\t\t\t<\/script>\r\n\t\t\t\t<\/div>\r\n\t\t\t<div class=\"scf-submit\">\r\n\t\t\t\t\t<input type=\"submit\" id=\"scf-button\" value=\"Nachricht senden\">\r\n\t\t\t\t\t<input type=\"hidden\" id=\"scf-key\" name=\"scf-key\" value=\"process\">\r\n\t\t\t\t\t<input type=\"hidden\" id=\"scf-nonce\" name=\"scf-nonce\" value=\"aa073d1673\" \/>\r\n\t\t\t\t<\/div><\/form>\r\n\t\t<\/div>\r\n\t\t<style>.scf-confirm-checkbox { margin-top: 15px; } .scf-website3dhhsy3 { display: none; } #simple-contact-form .scf-row { width: 100%; overflow: hidden; margin: 5px 0; padding: 5px 0; border: 0; } #simple-contact-form .scf-row input { box-sizing: border-box; float: left; clear: none; width: 75%; margin: 0; } #simple-contact-form .scf-row label { box-sizing: border-box; float: left; clear: both; width: 25%; margin-top: 5px; font-size: 90%; } #simple-contact-form .scf-row textarea { box-sizing: border-box; float: left; clear: both; width: 100%; margin-top: 2px; }#simple-contact-form form { max-width: 700px; padding: 5px; } #simple-contact-form .scf-row { width: 100%; overflow: hidden; margin: 5px 0; padding: 5px 0; border: 0; } #simple-contact-form .scf-row input { box-sizing: border-box; float: left; clear: none; width: 75%; margin: 0; } #simple-contact-form .scf-row label { box-sizing: border-box; float: left; clear: both; width: 25%; margin-top: 5px; font-size: 100%; } #simple-contact-form .scf-row textarea { box-sizing: border-box; float: left; clear: both; width: 100%; margin-top: 2px; } #scf_success pre { white-space: pre-wrap; } p.scf_error, p.scf_spam { color: #000000; } div.scf-submit { margin-top: 10px; } p.scf_success { color: #000000; } .scf-confirm-checkbox { margin-top: 15px; } .scf-website3dhhsy3 { display: none; } code { padding:0px 0px; font-family:\"PT Sans\" sans-serif; font-size:100%; color:#000000; background-color:#ffffff; border-radius:5px }<\/style><div style=\"clear:both\">&nbsp;<\/div><\/div><\/code><\/p>\n\n\n\n<p>Der Jahresbeitrag betr\u00e4gt zur Zeit 30.&#8211; Franken pro Haushalt<\/p>\n\n\n\n<p class=\"has-medium-font-size\">Kontoverbindung H+H<\/p>\n\n\n\n<p class=\"has-medium-font-size\">IBAN CH47 8080 8002 0316 0974 4<\/p>\n\n\n\n<p><\/p>\n\n\n\n<div data-wp-interactive=\"core\/file\" class=\"wp-block-file\"><object data-wp-bind--hidden=\"!state.hasPdfPreview\" hidden class=\"wp-block-file__embed\" data=\"https:\/\/qvhh.ch\/wp-content\/uploads\/hh-blatt-2022-1-2.pdf\" type=\"application\/pdf\" style=\"width:100%;height:600px\" aria-label=\"Einbettung von hh-blatt-2022-1-2.\"><\/object><a id=\"wp-block-file--media-43c4e169-7372-45b4-9a56-cbb0db5b3f43\" href=\"https:\/\/qvhh.ch\/wp-content\/uploads\/hh-blatt-2022-1-2.pdf\">hh-blatt-2022-1-2<\/a><a href=\"https:\/\/qvhh.ch\/wp-content\/uploads\/hh-blatt-2022-1-2.pdf\" class=\"wp-block-file__button wp-element-button\" download aria-describedby=\"wp-block-file--media-43c4e169-7372-45b4-9a56-cbb0db5b3f43\">Herunterladen<\/a><\/div>\n","protected":false},"excerpt":{"rendered":"<p>Sie k\u00f6nnen entweder die unten stehende Beitrittserkl\u00e4rung \/ Adress\u00e4nderung ausdrucken, ausf\u00fcllen und an den Pr\u00e4sidenten des Vereins schicken, wenn Sie dem Quartierverein beitreten m\u00f6chten. Oder Sie k\u00f6nnen das Kontaktformular ausf\u00fcllen und so Ihren Beitritt bekannt geben. Bitte in der Nachricht vermerken, dass Sie beitreten m\u00f6chten. Mit dem Kontaktformular k\u00f6nnen Sie auch dem Pr\u00e4sidenten des Vereins eine Meldung zu irgend einem Thema zukommen lassen. Der Jahresbeitrag [&hellip;]<\/p>\n","protected":false},"author":1,"featured_media":0,"parent":0,"menu_order":0,"comment_status":"closed","ping_status":"closed","template":"","meta":{"footnotes":""},"class_list":["post-2147","page","type-page","status-publish","hentry"],"_links":{"self":[{"href":"https:\/\/qvhh.ch\/index.php\/wp-json\/wp\/v2\/pages\/2147","targetHints":{"allow":["GET"]}}],"collection":[{"href":"https:\/\/qvhh.ch\/index.php\/wp-json\/wp\/v2\/pages"}],"about":[{"href":"https:\/\/qvhh.ch\/index.php\/wp-json\/wp\/v2\/types\/page"}],"author":[{"embeddable":true,"href":"https:\/\/qvhh.ch\/index.php\/wp-json\/wp\/v2\/users\/1"}],"replies":[{"embeddable":true,"href":"https:\/\/qvhh.ch\/index.php\/wp-json\/wp\/v2\/comments?post=2147"}],"version-history":[{"count":12,"href":"https:\/\/qvhh.ch\/index.php\/wp-json\/wp\/v2\/pages\/2147\/revisions"}],"predecessor-version":[{"id":2230,"href":"https:\/\/qvhh.ch\/index.php\/wp-json\/wp\/v2\/pages\/2147\/revisions\/2230"}],"wp:attachment":[{"href":"https:\/\/qvhh.ch\/index.php\/wp-json\/wp\/v2\/media?parent=2147"}],"curies":[{"name":"wp","href":"https:\/\/api.w.org\/{rel}","templated":true}]}}