{"id":7,"date":"2023-01-14T11:48:48","date_gmt":"2023-01-14T11:48:48","guid":{"rendered":"https:\/\/qvhh.ch\/?page_id=7"},"modified":"2026-04-13T05:52:38","modified_gmt":"2026-04-13T05:52:38","slug":"hh-blatt","status":"publish","type":"page","link":"https:\/\/qvhh.ch\/","title":{"rendered":"H+H Blatt"},"content":{"rendered":"\n<p class=\"has-medium-font-size\"><strong>Sch\u00f6n, dass Sie auf unsere Internetseite gefunden haben. Wir informieren hier laufend \u00fcber Vergangenes, \u00fcber das aktuelle Geschehen und \u00fcber geplante Aktivit\u00e4ten des Vereins.<\/strong><\/p>\n\n\n<div class=\"wp-block-image\">\n<figure class=\"aligncenter size-full\"><img loading=\"lazy\" decoding=\"async\" width=\"300\" height=\"225\" src=\"https:\/\/qvhh.ch\/wp-content\/uploads\/hhlogo-e1673707510102.jpg\" alt=\"\" class=\"wp-image-53\"\/><\/figure>\n<\/div>\n\n\n<div style=\"height:30px\" aria-hidden=\"true\" class=\"wp-block-spacer\"><\/div>\n\n\n\n<h2 class=\"wp-block-heading\">Aktuelles H+H-Blatt<\/h2>\n\n\n\n<p class=\"has-medium-font-size\">Hier kommen die ersten Informationen im Jahr 2026 &#8211; Das Jahresprogramm:<\/p>\n\n\n\n<p class=\"has-text-align-center has-vivid-red-color has-text-color has-link-color has-medium-font-size wp-elements-51b0ab4bfaa53e238a7711ff4496eb24\"><a href=\"https:\/\/qvhh.ch\/wp-content\/uploads\/hh-Jahresprogramm-2026.pdf\" data-type=\"attachment\" data-id=\"419\" target=\"_blank\" rel=\"noreferrer noopener\">Jahresprogramm 2026<\/a><\/p>\n\n\n\n<p class=\"has-medium-font-size\">Die n\u00e4chsten Anl\u00e4sse<\/p>\n\n\n\n<figure class=\"wp-block-table has-medium-font-size\"><table class=\"has-fixed-layout\"><tbody><tr><td>Mai 2026<br>An einem Samstag &#8211; genaues Datum folgt<br><\/td><td><strong>Klostergarten Wettingen<\/strong><br>Gef\u00fchrter Rundgang mit Heinz Eith <br><\/td><\/tr><tr><td>Samstag, 6. Juni 2026<br>ab 14:00 Uhr<br><\/td><td><strong>46. Generalversammlung<\/strong><br>Wirtschaft zum J\u00e4gerhuus<br><\/td><\/tr><tr><td><strong>J<\/strong>eweils erster Dienstag im Monat<br><\/td><td>H+H Stamm im Restaurant Neuhaus<br>Ab 17:00 Uhr<\/td><\/tr><\/tbody><\/table><\/figure>\n\n\n\n<p><\/p>\n","protected":false},"excerpt":{"rendered":"<p>Sch\u00f6n, dass Sie auf unsere Internetseite gefunden haben. Wir informieren hier laufend \u00fcber Vergangenes, \u00fcber das aktuelle Geschehen und \u00fcber geplante Aktivit\u00e4ten des Vereins. Aktuelles H+H-Blatt Hier kommen die ersten Informationen im Jahr 2026 &#8211; Das Jahresprogramm: Jahresprogramm 2026 Die n\u00e4chsten Anl\u00e4sse Mai 2026An einem Samstag &#8211; genaues Datum folgt Klostergarten WettingenGef\u00fchrter Rundgang mit Heinz Eith Samstag, 6. Juni 2026ab 14:00 Uhr 46. GeneralversammlungWirtschaft zum [&hellip;]<\/p>\n","protected":false},"author":1,"featured_media":0,"parent":0,"menu_order":0,"comment_status":"closed","ping_status":"closed","template":"","meta":{"footnotes":""},"class_list":["post-7","page","type-page","status-publish","hentry"],"_links":{"self":[{"href":"https:\/\/qvhh.ch\/index.php\/wp-json\/wp\/v2\/pages\/7","targetHints":{"allow":["GET"]}}],"collection":[{"href":"https:\/\/qvhh.ch\/index.php\/wp-json\/wp\/v2\/pages"}],"about":[{"href":"https:\/\/qvhh.ch\/index.php\/wp-json\/wp\/v2\/types\/page"}],"author":[{"embeddable":true,"href":"https:\/\/qvhh.ch\/index.php\/wp-json\/wp\/v2\/users\/1"}],"replies":[{"embeddable":true,"href":"https:\/\/qvhh.ch\/index.php\/wp-json\/wp\/v2\/comments?post=7"}],"version-history":[{"count":103,"href":"https:\/\/qvhh.ch\/index.php\/wp-json\/wp\/v2\/pages\/7\/revisions"}],"predecessor-version":[{"id":2444,"href":"https:\/\/qvhh.ch\/index.php\/wp-json\/wp\/v2\/pages\/7\/revisions\/2444"}],"wp:attachment":[{"href":"https:\/\/qvhh.ch\/index.php\/wp-json\/wp\/v2\/media?parent=7"}],"curies":[{"name":"wp","href":"https:\/\/api.w.org\/{rel}","templated":true}]}}